{"id":7281,"date":"2024-05-31T12:55:23","date_gmt":"2024-05-31T12:55:23","guid":{"rendered":"https:\/\/parkhyattviennatreasuries.com\/?page_id=7281"},"modified":"2024-06-27T08:06:51","modified_gmt":"2024-06-27T08:06:51","slug":"impressum","status":"publish","type":"page","link":"https:\/\/parkhyattviennatreasuries.com\/de\/impressum\/","title":{"rendered":"Impressum"},"content":{"rendered":"\t\t<div data-elementor-type=\"wp-page\" data-elementor-id=\"7281\" class=\"elementor elementor-7281 elementor-5842\">\n\t\t\t\t<div class=\"elementor-element elementor-element-6ed2b7f e-flex e-con-boxed e-con e-parent\" data-id=\"6ed2b7f\" data-element_type=\"container\">\n\t\t\t\t\t<div class=\"e-con-inner\">\n\t\t\t\t<div class=\"elementor-element elementor-element-6608347 elementor-widget elementor-widget-heading\" data-id=\"6608347\" data-element_type=\"widget\" data-widget_type=\"heading.default\">\n\t\t\t\t<div class=\"elementor-widget-container\">\n\t\t\t\t\t<h2 class=\"elementor-heading-title elementor-size-default\">Impressum<\/h2>\t\t\t\t<\/div>\n\t\t\t\t<\/div>\n\t\t\t\t\t<\/div>\n\t\t\t\t<\/div>\n\t\t<div class=\"elementor-element elementor-element-25901a5 e-flex e-con-boxed e-con e-parent\" data-id=\"25901a5\" data-element_type=\"container\">\n\t\t\t\t\t<div class=\"e-con-inner\">\n\t\t\t\t<div class=\"elementor-element elementor-element-45f0560 elementor-widget elementor-widget-text-editor\" data-id=\"45f0560\" data-element_type=\"widget\" data-widget_type=\"text-editor.default\">\n\t\t\t\t<div class=\"elementor-widget-container\">\n\t\t\t\t\t\t\t\t\t<p class=\"MsoNormal\"><span lang=\"EN-US\">Very Media GesmbH<\/span><\/p>\n<p class=\"MsoNormal\"><span lang=\"EN-US\">&nbsp;<\/span><\/p>\n<p class=\"MsoNormal\"><span lang=\"EN-US\">Windm\u00fchlgasse 326\/1\/3, 1060 Wien, \u00d6sterreich&nbsp; <\/span><\/p>\n<p class=\"MsoNormal\"><span lang=\"EN-US\">E-Mail: info@schmuckstars.com&nbsp; <\/span><\/p>\n<p class=\"MsoNormal\"><span lang=\"EN-US\">Tel.: +43 1 524 70 86-0, Fax: +43 1 524 70 86-43&nbsp; <\/span><\/p>\n<p class=\"MsoNormal\"><span lang=\"EN-US\">&nbsp;<\/span><\/p>\n<p class=\"MsoNormal\"><span lang=\"EN-US\">Management: Christian Lerner<\/span><\/p>\n<p class=\"MsoNormal\"><span lang=\"EN-US\">&nbsp;<\/span><\/p>\n<p class=\"MsoNormal\"><span lang=\"EN-US\">Bankverbindung:&nbsp; <\/span><\/p>\n<p class=\"MsoNormal\"><span lang=\"EN-US\">UniCredit Bank Austria AG, Konto-Nr. 10029 054 649, BLZ: 12000&nbsp; <\/span><\/p>\n<p class=\"MsoNormal\"><span lang=\"EN-US\">IBAN: AT96 1200 0100 2905 4649, BIC\/Swift: BKAUATWW<\/span><\/p>\n<p class=\"MsoNormal\"><span lang=\"EN-US\">&nbsp;<\/span><\/p>\n<p class=\"MsoNormal\"><span lang=\"EN-US\">Handelsgericht Wien FN 524055w&nbsp; <\/span><\/p>\n<p class=\"MsoNormal\"><span lang=\"EN-US\">UMSATZSTEUER-ID: ATU75125927<\/span><\/p>\n<p class=\"MsoNormal\"><span lang=\"EN-US\">&nbsp;<\/span><\/p>\n<p class=\"MsoNormal\"><span lang=\"EN-US\">Struktur der Eigent\u00fcmerschaft:<br><\/span><span lang=\"EN-US\" style=\"text-align: var(--text-align);\">Aktion\u00e4re:&nbsp;<\/span><span style=\"text-align: var(--text-align);\">Christian <\/span><span style=\"text-align: var(--text-align);\">Lerner (33,33%), Echo Medienhaus (33,33%), SHI Beteiligungs GmbH (33,33%)<\/span><\/p>\n<p class=\"MsoNormal\"><span lang=\"EN-US\">&nbsp;<\/span><\/p>\n<p class=\"MsoNormal\"><span lang=\"EN-US\">VERANTWORTLICH F\u00dcR DEN INHALT  <\/span><\/p>\n<p class=\"MsoNormal\"><span lang=\"EN-US\">Christian Lerner&nbsp; <\/span><\/p>\n<p class=\"MsoNormal\"><span lang=\"EN-US\">Tel.: +43 1 712 52 70, Mobil: +43 699 194 17 852&nbsp; <\/span><\/p>\n<p class=\"MsoNormal\"><span lang=\"EN-US\">E-Mail: cplerner@schmuckstars.com<\/span><\/p>\n<p class=\"MsoNormal\"><span lang=\"EN-US\">&nbsp;<\/span><\/p>\n<p class=\"MsoNormal\"><span lang=\"EN-US\"><b>Online-Streitbeilegung<\/b><\/span><\/p>\n<p class=\"MsoNormal\"><span lang=\"EN-US\">Die Europ\u00e4ische Kommission stellt unter https:\/\/ec.europa.eu\/consumers\/odr eine Plattform zur Online-Streitbeilegung zur Verf\u00fcgung, die Verbraucher zur Beilegung von Streitigkeiten nutzen k\u00f6nnen und auf der weitere Informationen zum Thema Streitbeilegung zu finden sind.<\/span><\/p>\n<p class=\"MsoNormal\"><span lang=\"EN-US\">&nbsp;<\/span><\/p>\n<p class=\"MsoNormal\"><span lang=\"DE\"><b>Au\u00dfergerichtliche Streitbeilegung&nbsp; <\/b><\/span><\/p>\n<p class=\"MsoNormal\"><span lang=\"EN-US\">Wir sind weder verpflichtet noch bereit, an einem Streitbeilegungsverfahren vor einer Verbraucherschlichtungsstelle teilzunehmen, wenn es zu einer Auseinandersetzung mit einem Verbraucher kommt.<\/span><\/p>\n<p class=\"MsoNormal\"><span lang=\"EN-US\">&nbsp;<\/span><\/p>\n<h5 class=\"MsoNormal\"><b>Impressum der gedruckten Version von Park Hyatt Vienna Treasuries<\/b><\/h5>\n<p class=\"MsoNormal\"><span lang=\"EN-US\">&nbsp;<\/span><\/p>\n<p class=\"MsoNormal\"><span lang=\"EN-US\">OFFIZIELLES MAGAZIN F\u00dcR DAS PARK HYATT VIENNA  <\/span><\/p>\n<p class=\"MsoNormal\"><span lang=\"EN-US\">&nbsp;<\/span><\/p>\n<p class=\"MsoNormal\"><span lang=\"EN-US\">Abonnement:<\/span><\/p>\n<p class=\"MsoNormal\"><span lang=\"EN-US\">PARK HYATT VIENNA, Am Hof 2, 1010 Wien, \u00d6sterreich, parkhyattvienna.com<\/span><\/p>\n<p class=\"MsoNormal\"><span lang=\"SV\">BARBARA G\u00d6TTLING, Gesch\u00e4ftsf\u00fchrerin, barbara.goettling@hyatt.com, Tel.: +43 (0)1 227&nbsp;40-1220<\/span><\/p>\n<p class=\"MsoNormal\"><span lang=\"SV\">NATALIE SPITZER, Marketing Communications Manager, natalie.spitzer@hyatt.com, tel.: +43 (0)1 227 40-1290<\/span><\/p>\n<p class=\"MsoNormal\"><span lang=\"SV\">&nbsp;<\/span><\/p>\n<p class=\"MsoNormal\"><span lang=\"SV\">Herausgeber:&nbsp;<\/span><span style=\"text-align: var(--text-align);\">Sehr Medien&nbsp;<\/span><span style=\"text-align: var(--text-align);\">Ges.m.b.H., Windm\u00fchlgasse 26\/1\/3, 1060 Wien, \u00d6sterreich, Handelsgericht Wien, FN&nbsp;<\/span><span style=\"text-align: var(--text-align);\">524055w, UID: ATU75125927, www.erlebe-deine-hauptstadt.wien,&nbsp;<\/span><span style=\"text-align: var(--text-align);\">office@veryvienna.eu, Tel.: +43 (0)1 712 52 70.&nbsp;<\/span><\/p><p class=\"MsoNormal\"><span style=\"text-align: var(--text-align);\"><br><\/span><\/p>\n<p class=\"MsoNormal\"><span lang=\"EN-US\">Chefredakteur: Christian Lerner.<br>Verantwortliche Redakteure f\u00fcr ausgew\u00e4hlte Geschichten: Eva Mang, Claudio Honsal, J\u00f6rg Bertram, Manuela Tiefnig, Ines B. Kasparek, Peter Pisecker.  <\/span><\/p>\n<p class=\"MsoNormal\"><span lang=\"EN-US\">Art Direction\/Design: Gabriele H\u00fcbler.  <\/span><\/p>\n<p class=\"MsoNormal\"><span lang=\"EN-US\">Foto-Redaktion: fotoredaktion.at. Lektorat: Thomas Hazdra.<\/span><\/p><p class=\"MsoNormal\"><span lang=\"EN-US\">\u00dcbersetzungen: Constantin Lerner.<br>Verwaltung der Werbung: Nicole Neunteufel (Durchwahl 172).&nbsp; <\/span><\/p>\n<p class=\"MsoNormal\"><span lang=\"EN-US\">Fotonachweise: Tony Gigov \/ Park Hyatt Vienna, Olga Rubio Dalmau, Herbert Lehmann,<br>iStock by Getty Images, Anbieter. <\/span><span lang=\"DE\">Druck: BAUER DRUCK &amp; MEDIEN GmbH, 1030 Wien.&nbsp; <\/span> <\/p>\n<p class=\"MsoNormal\"><span lang=\"DE\">&nbsp;<\/span><\/p>\n<p class=\"MsoNormal\"><span lang=\"EN-US\">Dieses Magazin wird mit gro\u00dfer Sorgfalt von Hand hergestellt. Herausgeber, Verleger, Autoren, Grafiker und alle beteiligten Unterauftragnehmer arbeiten nach bestem Wissen und Gewissen. Alle Angaben und Inhalte sind ohne Gew\u00e4hr. F\u00fcr Fehler oder unverlangt eingesandte Manuskripte kann keine Haftung \u00fcbernommen werden. Das Magazin und alle darin enthaltenen Geschichten, Designs, Pl\u00e4ne, Bilder und Ideen sind urheberrechtlich gesch\u00fctzt.<br>Die Verwendung dieser Texte, auch in einem Nachdruck, auch wenn nur auszugsweise, ist strafbar, wenn sie ohne schriftliche Zustimmung des Herausgebers erfolgt.<\/span><\/p>\n<p><\/p>\n<p class=\"MsoNormal\"><span lang=\"EN-US\">Titelfoto: Tony Gigov \/ Park Hyatt Wien.<\/span><\/p>\n<p class=\"MsoNormal\"><span lang=\"EN-US\">&nbsp;<\/span><\/p>\t\t\t\t\t\t\t\t<\/div>\n\t\t\t\t<\/div>\n\t\t\t\t\t<\/div>\n\t\t\t\t<\/div>\n\t\t\t\t<\/div>\n\t\t","protected":false},"excerpt":{"rendered":"<div class=\"tmnf_excerpt clearfix\"><p>Impressum Very Media GesmbH &nbsp; Windm\u00fchlgasse 326\/1\/3, 1060 Wien, \u00d6sterreich&nbsp; E-Mail: info@schmuckstars.com&nbsp; Tel.: +43 1 524 70 86-0, Fax: +43 1 524 70 86-43&nbsp; &nbsp; Management: Christian Lerner &nbsp; Bankverbindung:&nbsp; UniCredit Bank Austria AG, Konto-Nr. 10029 054 649, BLZ: 12000&nbsp; IBAN: AT96 1200 0100 2905 4649, BIC\/Swift: BKAUATWW &nbsp; Handelsgericht Wien FN 524055w&nbsp; UMSATZSTEUER-ID: ATU75125927 &hellip;<\/p>\n<\/div>","protected":false},"author":1,"featured_media":0,"parent":0,"menu_order":0,"comment_status":"closed","ping_status":"closed","template":"","meta":{"footnotes":""},"class_list":["post-7281","page","type-page","status-publish","hentry"],"_links":{"self":[{"href":"https:\/\/parkhyattviennatreasuries.com\/de\/wp-json\/wp\/v2\/pages\/7281","targetHints":{"allow":["GET"]}}],"collection":[{"href":"https:\/\/parkhyattviennatreasuries.com\/de\/wp-json\/wp\/v2\/pages"}],"about":[{"href":"https:\/\/parkhyattviennatreasuries.com\/de\/wp-json\/wp\/v2\/types\/page"}],"author":[{"embeddable":true,"href":"https:\/\/parkhyattviennatreasuries.com\/de\/wp-json\/wp\/v2\/users\/1"}],"replies":[{"embeddable":true,"href":"https:\/\/parkhyattviennatreasuries.com\/de\/wp-json\/wp\/v2\/comments?post=7281"}],"version-history":[{"count":6,"href":"https:\/\/parkhyattviennatreasuries.com\/de\/wp-json\/wp\/v2\/pages\/7281\/revisions"}],"predecessor-version":[{"id":7902,"href":"https:\/\/parkhyattviennatreasuries.com\/de\/wp-json\/wp\/v2\/pages\/7281\/revisions\/7902"}],"wp:attachment":[{"href":"https:\/\/parkhyattviennatreasuries.com\/de\/wp-json\/wp\/v2\/media?parent=7281"}],"curies":[{"name":"wp","href":"https:\/\/api.w.org\/{rel}","templated":true}]}}