{"id":7265,"date":"2018-05-28T12:58:31","date_gmt":"2018-05-28T12:58:31","guid":{"rendered":"https:\/\/parkhyattviennatreasuries.com\/ueber-uns\/"},"modified":"2025-03-15T12:09:43","modified_gmt":"2025-03-15T12:09:43","slug":"ueber-uns","status":"publish","type":"page","link":"https:\/\/parkhyattviennatreasuries.com\/de\/ueber-uns\/","title":{"rendered":"\u00dcber uns"},"content":{"rendered":"\t\t<div data-elementor-type=\"wp-post\" data-elementor-id=\"7265\" class=\"elementor elementor-7265 elementor-5590\">\n\t\t\t\t\t\t<section class=\"elementor-section elementor-top-section elementor-element elementor-element-21c1263e elementor-section-boxed elementor-section-height-default elementor-section-height-default\" data-id=\"21c1263e\" data-element_type=\"section\" data-settings=\"{&quot;background_background&quot;:&quot;classic&quot;}\">\n\t\t\t\t\t\t\t<div class=\"elementor-background-overlay\"><\/div>\n\t\t\t\t\t\t\t<div class=\"elementor-container elementor-column-gap-wide\">\n\t\t\t\t\t<div class=\"elementor-column elementor-col-100 elementor-top-column elementor-element elementor-element-1c8c0e46\" data-id=\"1c8c0e46\" data-element_type=\"column\">\n\t\t\t<div class=\"elementor-widget-wrap elementor-element-populated\">\n\t\t\t\t\t\t<div class=\"elementor-element elementor-element-7a564f9b elementor-widget elementor-widget-heading\" data-id=\"7a564f9b\" data-element_type=\"widget\" data-widget_type=\"heading.default\">\n\t\t\t\t<div class=\"elementor-widget-container\">\n\t\t\t\t\t<h1 class=\"elementor-heading-title elementor-size-large\">\u00dcber uns<\/h1>\t\t\t\t<\/div>\n\t\t\t\t<\/div>\n\t\t\t\t<section class=\"elementor-section elementor-inner-section elementor-element elementor-element-3b737b3a elementor-section-boxed elementor-section-height-default elementor-section-height-default\" data-id=\"3b737b3a\" data-element_type=\"section\">\n\t\t\t\t\t\t<div class=\"elementor-container elementor-column-gap-no\">\n\t\t\t\t\t<div class=\"elementor-column elementor-col-50 elementor-inner-column elementor-element elementor-element-59fec99f\" data-id=\"59fec99f\" data-element_type=\"column\">\n\t\t\t<div class=\"elementor-widget-wrap elementor-element-populated\">\n\t\t\t\t\t\t<div class=\"elementor-element elementor-element-282fcd4e elementor-widget elementor-widget-heading\" data-id=\"282fcd4e\" data-element_type=\"widget\" data-widget_type=\"heading.default\">\n\t\t\t\t<div class=\"elementor-widget-container\">\n\t\t\t\t\t<h2 class=\"elementor-heading-title elementor-size-default\"><span class=\"elementor-heading-title elementor-size-default elementor-inline-editing pen\" data-elementor-setting-key=\"title\" data-pen-placeholder=\"Type Here...\" style=\"letter-spacing: -0.03em\">Das Park Hyatt Vienna Treasuries Magazine ist eine exklusive Publikation, die die einzigartige Welt von Wiens f\u00fchrendem Hotel und seinen luxuri\u00f6sen Angeboten vorstellt.<\/span><\/h2>\t\t\t\t<\/div>\n\t\t\t\t<\/div>\n\t\t\t\t\t<\/div>\n\t\t<\/div>\n\t\t\t\t<div class=\"elementor-column elementor-col-50 elementor-inner-column elementor-element elementor-element-1803d399\" data-id=\"1803d399\" data-element_type=\"column\">\n\t\t\t<div class=\"elementor-widget-wrap\">\n\t\t\t\t\t\t\t<\/div>\n\t\t<\/div>\n\t\t\t\t\t<\/div>\n\t\t<\/section>\n\t\t\t\t\t<\/div>\n\t\t<\/div>\n\t\t\t\t\t<\/div>\n\t\t<\/section>\n\t\t\t\t<section class=\"elementor-section elementor-top-section elementor-element elementor-element-29183475 elementor-section-boxed elementor-section-height-default elementor-section-height-default\" data-id=\"29183475\" data-element_type=\"section\" data-settings=\"{&quot;background_background&quot;:&quot;classic&quot;}\">\n\t\t\t\t\t\t<div class=\"elementor-container elementor-column-gap-wide\">\n\t\t\t\t\t<div class=\"elementor-column elementor-col-50 elementor-top-column elementor-element elementor-element-387efc55\" data-id=\"387efc55\" data-element_type=\"column\">\n\t\t\t<div class=\"elementor-widget-wrap elementor-element-populated\">\n\t\t\t\t\t\t<div class=\"elementor-element elementor-element-70eee1d elementor-widget elementor-widget-heading\" data-id=\"70eee1d\" data-element_type=\"widget\" data-widget_type=\"heading.default\">\n\t\t\t\t<div class=\"elementor-widget-container\">\n\t\t\t\t\t<h3 class=\"elementor-heading-title elementor-size-default\">Geschichten | Kulinarische Highlights | Reisetipps und mehr<\/h3>\t\t\t\t<\/div>\n\t\t\t\t<\/div>\n\t\t\t\t<div class=\"elementor-element elementor-element-04a975f elementor-widget-divider--view-line elementor-widget elementor-widget-divider\" data-id=\"04a975f\" data-element_type=\"widget\" data-widget_type=\"divider.default\">\n\t\t\t\t<div class=\"elementor-widget-container\">\n\t\t\t\t\t\t\t<div class=\"elementor-divider\">\n\t\t\t<span class=\"elementor-divider-separator\">\n\t\t\t\t\t\t<\/span>\n\t\t<\/div>\n\t\t\t\t\t\t<\/div>\n\t\t\t\t<\/div>\n\t\t\t\t<section class=\"elementor-section elementor-inner-section elementor-element elementor-element-5ab329b elementor-section-boxed elementor-section-height-default elementor-section-height-default\" data-id=\"5ab329b\" data-element_type=\"section\">\n\t\t\t\t\t\t<div class=\"elementor-container elementor-column-gap-no\">\n\t\t\t\t\t<div class=\"elementor-column elementor-col-50 elementor-inner-column elementor-element elementor-element-919c64a\" data-id=\"919c64a\" data-element_type=\"column\">\n\t\t\t<div class=\"elementor-widget-wrap elementor-element-populated\">\n\t\t\t\t\t\t<div class=\"elementor-element elementor-element-35883110 elementor-widget elementor-widget-text-editor\" data-id=\"35883110\" data-element_type=\"widget\" data-widget_type=\"text-editor.default\">\n\t\t\t\t<div class=\"elementor-widget-container\">\n\t\t\t\t\t\t\t\t\t<p>Willkommen beim Park Hyatt Vienna Treasuries Magazin, einer luxuri\u00f6sen Publikation, die die Essenz von Raffinesse, Kultur und Eleganz einf\u00e4ngt. In Zusammenarbeit mit einem renommierten Wiener Verlag, der sich auf hochwertige Hauszeitschriften spezialisiert hat, entsteht zweimal im Jahr das offizielle Magazin des Park Hyatt Vienna.<\/p>\n<\/p>\n<p>Ma\u00dfgeschneidert f\u00fcr unsere gesch\u00e4tzten G\u00e4ste, anspruchsvolle Kunden und Genie\u00dfer, l\u00e4dt Treasuries Sie ein, die bezaubernde Welt des Park Hyatt Vienna zu entdecken. <\/p>\n\t\t\t\t\t\t\t\t<\/div>\n\t\t\t\t<\/div>\n\t\t\t\t\t<\/div>\n\t\t<\/div>\n\t\t\t\t<div class=\"elementor-column elementor-col-50 elementor-inner-column elementor-element elementor-element-7e88d33\" data-id=\"7e88d33\" data-element_type=\"column\">\n\t\t\t<div class=\"elementor-widget-wrap elementor-element-populated\">\n\t\t\t\t\t\t<div class=\"elementor-element elementor-element-5126bd81 elementor-widget elementor-widget-text-editor\" data-id=\"5126bd81\" data-element_type=\"widget\" data-widget_type=\"text-editor.default\">\n\t\t\t\t<div class=\"elementor-widget-container\">\n\t\t\t\t\t\t\t\t\t<p>Auf unseren Seiten entdecken Sie exklusive Insider-Tipps \u00fcber die wundersch\u00f6ne Stadt Wien, tauchen ein in die Welt der Mode, des Schmucks, der D\u00fcfte und der Sch\u00f6nheit und genie\u00dfen unsere kuratierten kulinarischen Empfehlungen. Dar\u00fcber hinaus bieten wir Ihnen fesselnde Reise- und Mobilit\u00e4tsgeschichten und sorgen so f\u00fcr ein abgerundetes und bereicherndes Leseerlebnis.<\/p>\n<p>Wir freuen uns, Ihnen mitteilen zu k\u00f6nnen, dass Treasuries jetzt online verf\u00fcgbar ist und Ihnen alle unsere spannenden Geschichten und beeindruckenden Bilder zur Verf\u00fcgung stellt.<\/p>\n<p>Besuchen Sie uns hier auf unserer Magazin-Website&nbsp;und tauchen Sie ein in den unvergleichlichen Luxus und Charme, den das Park Hyatt Vienna zu bieten hat.<\/p>\n\t\t\t\t\t\t\t\t<\/div>\n\t\t\t\t<\/div>\n\t\t\t\t\t<\/div>\n\t\t<\/div>\n\t\t\t\t\t<\/div>\n\t\t<\/section>\n\t\t\t\t\t<\/div>\n\t\t<\/div>\n\t\t\t\t<div class=\"elementor-column elementor-col-50 elementor-top-column elementor-element elementor-element-7a8b6ad4\" data-id=\"7a8b6ad4\" data-element_type=\"column\">\n\t\t\t<div class=\"elementor-widget-wrap elementor-element-populated\">\n\t\t\t\t\t\t<div class=\"elementor-element elementor-element-557ba95c elementor-widget elementor-widget-image\" data-id=\"557ba95c\" data-element_type=\"widget\" data-widget_type=\"image.default\">\n\t\t\t\t<div class=\"elementor-widget-container\">\n\t\t\t\t\t\t\t\t\t\t\t\t\t\t\t<img fetchpriority=\"high\" decoding=\"async\" width=\"458\" height=\"290\" src=\"https:\/\/parkhyattviennatreasuries.com\/wp-content\/uploads\/2024\/05\/treasuries-by-hyatt2-458x290.png\" class=\"attachment-cultera_small size-cultera_small wp-image-63\" alt=\"\" srcset=\"https:\/\/parkhyattviennatreasuries.com\/wp-content\/uploads\/2024\/05\/treasuries-by-hyatt2-458x290.png 458w, https:\/\/parkhyattviennatreasuries.com\/wp-content\/uploads\/2024\/05\/treasuries-by-hyatt2-300x190.png 300w, https:\/\/parkhyattviennatreasuries.com\/wp-content\/uploads\/2024\/05\/treasuries-by-hyatt2-1024x648.png 1024w, https:\/\/parkhyattviennatreasuries.com\/wp-content\/uploads\/2024\/05\/treasuries-by-hyatt2-768x486.png 768w, https:\/\/parkhyattviennatreasuries.com\/wp-content\/uploads\/2024\/05\/treasuries-by-hyatt2-1536x971.png 1536w, https:\/\/parkhyattviennatreasuries.com\/wp-content\/uploads\/2024\/05\/treasuries-by-hyatt2-2048x1295.png 2048w\" sizes=\"(max-width: 458px) 100vw, 458px\" \/>\t\t\t\t\t\t\t\t\t\t\t\t\t\t\t<\/div>\n\t\t\t\t<\/div>\n\t\t\t\t<div class=\"elementor-element elementor-element-5c584b20 elementor-widget elementor-widget-image\" data-id=\"5c584b20\" data-element_type=\"widget\" data-widget_type=\"image.default\">\n\t\t\t\t<div class=\"elementor-widget-container\">\n\t\t\t\t\t\t\t\t\t\t\t\t\t\t\t<img decoding=\"async\" width=\"458\" height=\"305\" src=\"https:\/\/parkhyattviennatreasuries.com\/wp-content\/uploads\/2018\/03\/Salon-Affair-Olga-Rubio-Dalmau-5_CMYK.-copy-458x305.jpg\" class=\"attachment-cultera_small size-cultera_small wp-image-5783\" alt=\"\" srcset=\"https:\/\/parkhyattviennatreasuries.com\/wp-content\/uploads\/2018\/03\/Salon-Affair-Olga-Rubio-Dalmau-5_CMYK.-copy-458x305.jpg 458w, https:\/\/parkhyattviennatreasuries.com\/wp-content\/uploads\/2018\/03\/Salon-Affair-Olga-Rubio-Dalmau-5_CMYK.-copy-300x200.jpg 300w, https:\/\/parkhyattviennatreasuries.com\/wp-content\/uploads\/2018\/03\/Salon-Affair-Olga-Rubio-Dalmau-5_CMYK.-copy-1024x682.jpg 1024w, https:\/\/parkhyattviennatreasuries.com\/wp-content\/uploads\/2018\/03\/Salon-Affair-Olga-Rubio-Dalmau-5_CMYK.-copy-768x512.jpg 768w, https:\/\/parkhyattviennatreasuries.com\/wp-content\/uploads\/2018\/03\/Salon-Affair-Olga-Rubio-Dalmau-5_CMYK.-copy.jpg 1250w\" sizes=\"(max-width: 458px) 100vw, 458px\" \/>\t\t\t\t\t\t\t\t\t\t\t\t\t\t\t<\/div>\n\t\t\t\t<\/div>\n\t\t\t\t\t<\/div>\n\t\t<\/div>\n\t\t\t\t\t<\/div>\n\t\t<\/section>\n\t\t<div class=\"elementor-element elementor-element-2d991f7 e-flex e-con-boxed e-con e-parent\" data-id=\"2d991f7\" data-element_type=\"container\">\n\t\t\t\t\t<div class=\"e-con-inner\">\n\t\t\t\t<div class=\"elementor-element elementor-element-4434453 elementor-widget elementor-widget-heading\" data-id=\"4434453\" data-element_type=\"widget\" data-widget_type=\"heading.default\">\n\t\t\t\t<div class=\"elementor-widget-container\">\n\t\t\t\t\t<h2 class=\"elementor-heading-title elementor-size-default\">Mitwirkende<\/h2>\t\t\t\t<\/div>\n\t\t\t\t<\/div>\n\t\t\t\t\t<\/div>\n\t\t\t\t<\/div>\n\t\t\t\t<section class=\"elementor-section elementor-top-section elementor-element elementor-element-1f1b7cb9 elementor-section-boxed elementor-section-height-default elementor-section-height-default\" data-id=\"1f1b7cb9\" data-element_type=\"section\">\n\t\t\t\t\t\t<div class=\"elementor-container elementor-column-gap-wider\">\n\t\t\t\t\t<div class=\"elementor-column elementor-col-33 elementor-top-column elementor-element elementor-element-189eced6\" data-id=\"189eced6\" data-element_type=\"column\">\n\t\t\t<div class=\"elementor-widget-wrap elementor-element-populated\">\n\t\t\t\t\t\t<div class=\"elementor-element elementor-element-4fda4397 elementor-position-top elementor-widget elementor-widget-image-box\" data-id=\"4fda4397\" data-element_type=\"widget\" data-widget_type=\"image-box.default\">\n\t\t\t\t<div class=\"elementor-widget-container\">\n\t\t\t\t\t<div class=\"elementor-image-box-wrapper\"><figure class=\"elementor-image-box-img\"><img decoding=\"async\" width=\"608\" height=\"608\" src=\"https:\/\/parkhyattviennatreasuries.com\/wp-content\/uploads\/2024\/05\/CH2-copy-608x608.jpg\" class=\"attachment-cultera_carousel size-cultera_carousel wp-image-5940\" alt=\"\" srcset=\"https:\/\/parkhyattviennatreasuries.com\/wp-content\/uploads\/2024\/05\/CH2-copy-608x608.jpg 608w, https:\/\/parkhyattviennatreasuries.com\/wp-content\/uploads\/2024\/05\/CH2-copy-150x150.jpg 150w\" sizes=\"(max-width: 608px) 100vw, 608px\" \/><\/figure><div class=\"elementor-image-box-content\"><h4 class=\"elementor-image-box-title\">CLAUDIO HONSAL<\/h4><p class=\"elementor-image-box-description\">ist einer der erfahrensten\nRedakteure auf dem Gebiet der\n\u00d6sterreichischen Kultur und Society-Journalismus.\nAutor von acht Biographien, zahlreiche TV-Dokumentationen. Er lebt und\narbeitet in Wien.<\/p><\/div><\/div>\t\t\t\t<\/div>\n\t\t\t\t<\/div>\n\t\t\t\t\t<\/div>\n\t\t<\/div>\n\t\t\t\t<div class=\"elementor-column elementor-col-33 elementor-top-column elementor-element elementor-element-44f7a8f8\" data-id=\"44f7a8f8\" data-element_type=\"column\">\n\t\t\t<div class=\"elementor-widget-wrap elementor-element-populated\">\n\t\t\t\t\t\t<div class=\"elementor-element elementor-element-797c49de elementor-position-top elementor-widget elementor-widget-image-box\" data-id=\"797c49de\" data-element_type=\"widget\" data-widget_type=\"image-box.default\">\n\t\t\t\t<div class=\"elementor-widget-container\">\n\t\t\t\t\t<div class=\"elementor-image-box-wrapper\"><figure class=\"elementor-image-box-img\"><img loading=\"lazy\" decoding=\"async\" width=\"608\" height=\"608\" src=\"https:\/\/parkhyattviennatreasuries.com\/wp-content\/uploads\/2024\/05\/Eva-Mang-copy-608x608.jpg\" class=\"attachment-cultera_carousel size-cultera_carousel wp-image-5941\" alt=\"\" srcset=\"https:\/\/parkhyattviennatreasuries.com\/wp-content\/uploads\/2024\/05\/Eva-Mang-copy-608x608.jpg 608w, https:\/\/parkhyattviennatreasuries.com\/wp-content\/uploads\/2024\/05\/Eva-Mang-copy-150x150.jpg 150w\" sizes=\"(max-width: 608px) 100vw, 608px\" \/><\/figure><div class=\"elementor-image-box-content\"><h4 class=\"elementor-image-box-title\">EVA MANG<\/h4><p class=\"elementor-image-box-description\">ist seit 1986 Werbetexterin und Redakteurin verschiedener\nZeitschriften mit Schwerpunkt auf\nMusik und Lifestyle,\nsowie eine erfolgreiches Buchautorin und (Social Media) Ghost-\nwriterin f\u00fcr zahlreiche Musiker\nund Ber\u00fchmtheiten aus TV und\nShowbusiness.<\/p><\/div><\/div>\t\t\t\t<\/div>\n\t\t\t\t<\/div>\n\t\t\t\t\t<\/div>\n\t\t<\/div>\n\t\t\t\t<div class=\"elementor-column elementor-col-33 elementor-top-column elementor-element elementor-element-1afd8bd1\" data-id=\"1afd8bd1\" data-element_type=\"column\">\n\t\t\t<div class=\"elementor-widget-wrap elementor-element-populated\">\n\t\t\t\t\t\t<div class=\"elementor-element elementor-element-43314de4 elementor-position-top elementor-widget elementor-widget-image-box\" data-id=\"43314de4\" data-element_type=\"widget\" data-widget_type=\"image-box.default\">\n\t\t\t\t<div class=\"elementor-widget-container\">\n\t\t\t\t\t<div class=\"elementor-image-box-wrapper\"><figure class=\"elementor-image-box-img\"><img loading=\"lazy\" decoding=\"async\" width=\"608\" height=\"608\" src=\"https:\/\/parkhyattviennatreasuries.com\/wp-content\/uploads\/2024\/05\/142453052-copy-608x608.jpg\" class=\"attachment-cultera_carousel size-cultera_carousel wp-image-5939\" alt=\"\" srcset=\"https:\/\/parkhyattviennatreasuries.com\/wp-content\/uploads\/2024\/05\/142453052-copy-608x608.jpg 608w, https:\/\/parkhyattviennatreasuries.com\/wp-content\/uploads\/2024\/05\/142453052-copy-150x150.jpg 150w\" sizes=\"(max-width: 608px) 100vw, 608px\" \/><\/figure><div class=\"elementor-image-box-content\"><h4 class=\"elementor-image-box-title\">J\u00d6RG BERTRAM<\/h4><p class=\"elementor-image-box-description\">gilt als einer der renommiertesten Reise- und Lifestyle-Journalisten \u00d6sterreichs und hat mehrere Coffee-Table-Books zu diesen Themen ver\u00f6ffentlicht. Nach seiner Arbeit in Berlin und\nNew York, lebt der geb\u00fcrtige Deutsche  jetzt in Wien - und der\nRest der Welt<\/p><\/div><\/div>\t\t\t\t<\/div>\n\t\t\t\t<\/div>\n\t\t\t\t\t<\/div>\n\t\t<\/div>\n\t\t\t\t\t<\/div>\n\t\t<\/section>\n\t\t\t\t<section class=\"elementor-section elementor-top-section elementor-element elementor-element-0cd0ad6 elementor-section-boxed elementor-section-height-default elementor-section-height-default\" data-id=\"0cd0ad6\" data-element_type=\"section\">\n\t\t\t\t\t\t<div class=\"elementor-container elementor-column-gap-wider\">\n\t\t\t\t\t<div class=\"elementor-column elementor-col-33 elementor-top-column elementor-element elementor-element-69e1932\" data-id=\"69e1932\" data-element_type=\"column\">\n\t\t\t<div class=\"elementor-widget-wrap elementor-element-populated\">\n\t\t\t\t\t\t<div class=\"elementor-element elementor-element-02aaf70 elementor-position-top elementor-widget elementor-widget-image-box\" data-id=\"02aaf70\" data-element_type=\"widget\" data-widget_type=\"image-box.default\">\n\t\t\t\t<div class=\"elementor-widget-container\">\n\t\t\t\t\t<div class=\"elementor-image-box-wrapper\"><figure class=\"elementor-image-box-img\"><img loading=\"lazy\" decoding=\"async\" width=\"608\" height=\"608\" src=\"https:\/\/parkhyattviennatreasuries.com\/wp-content\/uploads\/2024\/05\/06E736B2-F878-45CF-8CA7-101D4E211D8C_1_105_c-copy-608x608.jpg\" class=\"attachment-cultera_carousel size-cultera_carousel wp-image-5938\" alt=\"\" srcset=\"https:\/\/parkhyattviennatreasuries.com\/wp-content\/uploads\/2024\/05\/06E736B2-F878-45CF-8CA7-101D4E211D8C_1_105_c-copy-608x608.jpg 608w, https:\/\/parkhyattviennatreasuries.com\/wp-content\/uploads\/2024\/05\/06E736B2-F878-45CF-8CA7-101D4E211D8C_1_105_c-copy-300x300.jpg 300w, https:\/\/parkhyattviennatreasuries.com\/wp-content\/uploads\/2024\/05\/06E736B2-F878-45CF-8CA7-101D4E211D8C_1_105_c-copy-150x150.jpg 150w, https:\/\/parkhyattviennatreasuries.com\/wp-content\/uploads\/2024\/05\/06E736B2-F878-45CF-8CA7-101D4E211D8C_1_105_c-copy-768x768.jpg 768w, https:\/\/parkhyattviennatreasuries.com\/wp-content\/uploads\/2024\/05\/06E736B2-F878-45CF-8CA7-101D4E211D8C_1_105_c-copy-458x458.jpg 458w, https:\/\/parkhyattviennatreasuries.com\/wp-content\/uploads\/2024\/05\/06E736B2-F878-45CF-8CA7-101D4E211D8C_1_105_c-copy.jpg 886w\" sizes=\"(max-width: 608px) 100vw, 608px\" \/><\/figure><div class=\"elementor-image-box-content\"><h4 class=\"elementor-image-box-title\">MANUELA TIEFNIG<\/h4><p class=\"elementor-image-box-description\">ist seit 15 Jahren\nKultur, Unterhaltung und\nLifestyle-Redakteurin ,\narbeitet f\u00fcr das gr\u00f6\u00dfte Tageszeitung des Landes. Sie interviewte Stars wie Scarlett \nJohansson und ist Teil der Expertenjury f\u00fcr den \u00f6sterreichischen\nEurovision Song Contest und\ndie Amadeus Music Awards.<\/p><\/div><\/div>\t\t\t\t<\/div>\n\t\t\t\t<\/div>\n\t\t\t\t\t<\/div>\n\t\t<\/div>\n\t\t\t\t<div class=\"elementor-column elementor-col-33 elementor-top-column elementor-element elementor-element-4bb1ba4\" data-id=\"4bb1ba4\" data-element_type=\"column\">\n\t\t\t<div class=\"elementor-widget-wrap elementor-element-populated\">\n\t\t\t\t\t\t<div class=\"elementor-element elementor-element-4aa3a00 elementor-position-top elementor-widget elementor-widget-image-box\" data-id=\"4aa3a00\" data-element_type=\"widget\" data-widget_type=\"image-box.default\">\n\t\t\t\t<div class=\"elementor-widget-container\">\n\t\t\t\t\t<div class=\"elementor-image-box-wrapper\"><figure class=\"elementor-image-box-img\"><img loading=\"lazy\" decoding=\"async\" width=\"608\" height=\"608\" src=\"https:\/\/parkhyattviennatreasuries.com\/wp-content\/uploads\/2024\/05\/c-www.stefanjoham.com-1557_sw-copy-608x608.jpg\" class=\"attachment-cultera_carousel size-cultera_carousel wp-image-5936\" alt=\"\" srcset=\"https:\/\/parkhyattviennatreasuries.com\/wp-content\/uploads\/2024\/05\/c-www.stefanjoham.com-1557_sw-copy-608x608.jpg 608w, https:\/\/parkhyattviennatreasuries.com\/wp-content\/uploads\/2024\/05\/c-www.stefanjoham.com-1557_sw-copy-150x150.jpg 150w\" sizes=\"(max-width: 608px) 100vw, 608px\" \/><\/figure><div class=\"elementor-image-box-content\"><h4 class=\"elementor-image-box-title\">INES B. KASPAREK<\/h4><p class=\"elementor-image-box-description\">ist seit 1997 \nSpezialisiert auf Uhren &amp;\nSchmuckjournalismus und wurde Chefredakteur\nder Fachzeitschrift\n\"UhrenSchmuckHandel\"\nnach ihren Studien \u00fcber\nTheaterwissenschaften und Puplizistik,\nals sie gerade 25 Jahre alt war.<\/p><\/div><\/div>\t\t\t\t<\/div>\n\t\t\t\t<\/div>\n\t\t\t\t\t<\/div>\n\t\t<\/div>\n\t\t\t\t<div class=\"elementor-column elementor-col-33 elementor-top-column elementor-element elementor-element-c6197b8\" data-id=\"c6197b8\" data-element_type=\"column\">\n\t\t\t<div class=\"elementor-widget-wrap elementor-element-populated\">\n\t\t\t\t\t\t<div class=\"elementor-element elementor-element-32dde37 elementor-position-top elementor-widget elementor-widget-image-box\" data-id=\"32dde37\" data-element_type=\"widget\" data-widget_type=\"image-box.default\">\n\t\t\t\t<div class=\"elementor-widget-container\">\n\t\t\t\t\t<div class=\"elementor-image-box-wrapper\"><figure class=\"elementor-image-box-img\"><img loading=\"lazy\" decoding=\"async\" width=\"608\" height=\"608\" src=\"https:\/\/parkhyattviennatreasuries.com\/wp-content\/uploads\/2024\/05\/\u00a9-Peter-Pisecker-copy-608x608.jpg\" class=\"attachment-cultera_carousel size-cultera_carousel wp-image-5937\" alt=\"\" srcset=\"https:\/\/parkhyattviennatreasuries.com\/wp-content\/uploads\/2024\/05\/\u00a9-Peter-Pisecker-copy-608x608.jpg 608w, https:\/\/parkhyattviennatreasuries.com\/wp-content\/uploads\/2024\/05\/\u00a9-Peter-Pisecker-copy-150x150.jpg 150w\" sizes=\"(max-width: 608px) 100vw, 608px\" \/><\/figure><div class=\"elementor-image-box-content\"><h4 class=\"elementor-image-box-title\">PETER PISECKER<\/h4><p class=\"elementor-image-box-description\">schreibt seit mehr als 40 Jahren\n\u00fcber Autos .\nEr verfasste unz\u00e4hlige Tetsberichte ,\nRezensionen, Essays und Kolumnen zu diesem Thema in Fachzeitschriften\nwie der Autorevue oder Auto Zeitung\nund war zuletzt Herausgeber.\nChefredakteur des \u00d6AMTC-Magazins\nAuto touring.<\/p><\/div><\/div>\t\t\t\t<\/div>\n\t\t\t\t<\/div>\n\t\t\t\t\t<\/div>\n\t\t<\/div>\n\t\t\t\t\t<\/div>\n\t\t<\/section>\n\t\t\t\t<\/div>\n\t\t","protected":false},"excerpt":{"rendered":"<div class=\"tmnf_excerpt clearfix\"><p>\u00dcber uns Das Park Hyatt Vienna Treasuries Magazine ist eine exklusive Publikation, die die einzigartige Welt von Wiens f\u00fchrendem Hotel und seinen luxuri\u00f6sen Angeboten vorstellt. Geschichten | Kulinarische Highlights | Reisetipps und mehr Willkommen beim Park Hyatt Vienna Treasuries Magazin, einer luxuri\u00f6sen Publikation, die die Essenz von Raffinesse, Kultur und Eleganz einf\u00e4ngt. In Zusammenarbeit mit &hellip;<\/p>\n<\/div>","protected":false},"author":1,"featured_media":0,"parent":0,"menu_order":0,"comment_status":"closed","ping_status":"closed","template":"homepage.php","meta":{"footnotes":""},"class_list":["post-7265","page","type-page","status-publish","hentry"],"_links":{"self":[{"href":"https:\/\/parkhyattviennatreasuries.com\/de\/wp-json\/wp\/v2\/pages\/7265","targetHints":{"allow":["GET"]}}],"collection":[{"href":"https:\/\/parkhyattviennatreasuries.com\/de\/wp-json\/wp\/v2\/pages"}],"about":[{"href":"https:\/\/parkhyattviennatreasuries.com\/de\/wp-json\/wp\/v2\/types\/page"}],"author":[{"embeddable":true,"href":"https:\/\/parkhyattviennatreasuries.com\/de\/wp-json\/wp\/v2\/users\/1"}],"replies":[{"embeddable":true,"href":"https:\/\/parkhyattviennatreasuries.com\/de\/wp-json\/wp\/v2\/comments?post=7265"}],"version-history":[{"count":24,"href":"https:\/\/parkhyattviennatreasuries.com\/de\/wp-json\/wp\/v2\/pages\/7265\/revisions"}],"predecessor-version":[{"id":9801,"href":"https:\/\/parkhyattviennatreasuries.com\/de\/wp-json\/wp\/v2\/pages\/7265\/revisions\/9801"}],"wp:attachment":[{"href":"https:\/\/parkhyattviennatreasuries.com\/de\/wp-json\/wp\/v2\/media?parent=7265"}],"curies":[{"name":"wp","href":"https:\/\/api.w.org\/{rel}","templated":true}]}}